{"id":2775,"date":"2021-11-21T22:32:52","date_gmt":"2021-11-21T22:32:52","guid":{"rendered":"https:\/\/www.leslieosterling.com\/photobook\/"},"modified":"2022-05-25T05:11:26","modified_gmt":"2022-05-25T05:11:26","slug":"photobook","status":"publish","type":"page","link":"https:\/\/leslieosterling.com\/en\/photobook\/","title":{"rendered":"Photobook"},"content":{"rendered":"\t\t<div data-elementor-type=\"wp-page\" data-elementor-id=\"2775\" class=\"elementor elementor-2775 elementor-825\" data-elementor-post-type=\"page\">\n\t\t\t\t\t\t<section class=\"elementor-section elementor-top-section elementor-element elementor-element-45a59e09 elementor-reverse-mobile elementor-section-boxed elementor-section-height-default elementor-section-height-default\" data-id=\"45a59e09\" data-element_type=\"section\" data-e-type=\"section\" data-settings=\"{&quot;background_background&quot;:&quot;classic&quot;,&quot;jet_parallax_layout_list&quot;:[]}\">\n\t\t\t\t\t\t<div class=\"elementor-container elementor-column-gap-no\">\n\t\t\t\t\t<div class=\"elementor-column elementor-col-33 elementor-top-column elementor-element elementor-element-6c853612\" data-id=\"6c853612\" data-element_type=\"column\" data-e-type=\"column\">\n\t\t\t<div class=\"elementor-widget-wrap elementor-element-populated\">\n\t\t\t\t\t\t<div class=\"elementor-element elementor-element-2cba56c9 elementor-widget elementor-widget-image\" data-id=\"2cba56c9\" data-element_type=\"widget\" data-e-type=\"widget\" data-widget_type=\"image.default\">\n\t\t\t\t\t\t\t\t\t\t\t\t\t\t\t<img fetchpriority=\"high\" decoding=\"async\" width=\"410\" height=\"500\" src=\"https:\/\/leslieosterling.com\/wp-content\/uploads\/2021\/11\/LIBRO.webp\" class=\"attachment-full size-full wp-image-903\" alt=\"\" srcset=\"https:\/\/leslieosterling.com\/wp-content\/uploads\/2021\/11\/LIBRO.webp 410w, https:\/\/leslieosterling.com\/wp-content\/uploads\/2021\/11\/LIBRO-246x300.webp 246w\" sizes=\"(max-width: 410px) 100vw, 410px\" \/>\t\t\t\t\t\t\t\t\t\t\t\t\t\t\t<\/div>\n\t\t\t\t\t<\/div>\n\t\t<\/div>\n\t\t\t\t<div class=\"elementor-column elementor-col-66 elementor-top-column elementor-element elementor-element-652b7d7d\" data-id=\"652b7d7d\" data-element_type=\"column\" data-e-type=\"column\">\n\t\t\t<div class=\"elementor-widget-wrap elementor-element-populated\">\n\t\t\t\t\t\t<div class=\"elementor-element elementor-element-7cabdc4 elementor-widget elementor-widget-heading\" data-id=\"7cabdc4\" data-element_type=\"widget\" data-e-type=\"widget\" data-widget_type=\"heading.default\">\n\t\t\t\t\t<h2 class=\"elementor-heading-title elementor-size-default\">Traces, memory and time<\/h2>\t\t\t\t<\/div>\n\t\t\t\t<div class=\"elementor-element elementor-element-39180816 elementor-widget elementor-widget-text-editor\" data-id=\"39180816\" data-element_type=\"widget\" data-e-type=\"widget\" data-widget_type=\"text-editor.default\">\n\t\t\t\t\t\t\t\t\t<p>Art for me is not just a profession or occupation, it is my essence. I am very aware of the implication of the visual in our lives and how \u201cwe are what we see\u201d.<\/p>\t\t\t\t\t\t\t\t<\/div>\n\t\t\t\t<div class=\"elementor-element elementor-element-bd56fb5 elementor-align-center elementor-mobile-align-center elementor-tablet-align-center elementor-widget elementor-widget-button\" data-id=\"bd56fb5\" data-element_type=\"widget\" data-e-type=\"widget\" data-widget_type=\"button.default\">\n\t\t\t\t\t\t\t\t\t\t<a class=\"elementor-button elementor-button-link elementor-size-sm\" href=\"\/#contactame2\">\n\t\t\t\t\t\t<span class=\"elementor-button-content-wrapper\">\n\t\t\t\t\t\t\t\t\t<span class=\"elementor-button-text\">More information<\/span>\n\t\t\t\t\t<\/span>\n\t\t\t\t\t<\/a>\n\t\t\t\t\t\t\t\t<\/div>\n\t\t\t\t\t<\/div>\n\t\t<\/div>\n\t\t\t\t\t<\/div>\n\t\t<\/section>\n\t\t\t\t<section class=\"elementor-section elementor-top-section elementor-element elementor-element-fb4786a elementor-section-boxed elementor-section-height-default elementor-section-height-default\" data-id=\"fb4786a\" data-element_type=\"section\" data-e-type=\"section\" data-settings=\"{&quot;jet_parallax_layout_list&quot;:[]}\">\n\t\t\t\t\t\t<div class=\"elementor-container elementor-column-gap-no\">\n\t\t\t\t\t<div class=\"elementor-column elementor-col-33 elementor-top-column elementor-element elementor-element-0e50bde\" data-id=\"0e50bde\" data-element_type=\"column\" data-e-type=\"column\">\n\t\t\t<div class=\"elementor-widget-wrap elementor-element-populated\">\n\t\t\t\t\t\t<div class=\"elementor-element elementor-element-7cdc814 elementor-widget elementor-widget-image\" data-id=\"7cdc814\" data-element_type=\"widget\" data-e-type=\"widget\" data-widget_type=\"image.default\">\n\t\t\t\t\t\t\t\t\t\t\t\t\t\t\t<img decoding=\"async\" width=\"360\" height=\"490\" src=\"https:\/\/leslieosterling.com\/wp-content\/uploads\/2021\/12\/01-leslie-osterling-libro-retrato.webp\" class=\"attachment-full size-full wp-image-1526\" alt=\"\" srcset=\"https:\/\/leslieosterling.com\/wp-content\/uploads\/2021\/12\/01-leslie-osterling-libro-retrato.webp 360w, https:\/\/leslieosterling.com\/wp-content\/uploads\/2021\/12\/01-leslie-osterling-libro-retrato-220x300.webp 220w\" sizes=\"(max-width: 360px) 100vw, 360px\" \/>\t\t\t\t\t\t\t\t\t\t\t\t\t\t\t<\/div>\n\t\t\t\t\t<\/div>\n\t\t<\/div>\n\t\t\t\t<div class=\"elementor-column elementor-col-66 elementor-top-column elementor-element elementor-element-754af08\" data-id=\"754af08\" data-element_type=\"column\" data-e-type=\"column\">\n\t\t\t<div class=\"elementor-widget-wrap elementor-element-populated\">\n\t\t\t\t\t\t<div class=\"elementor-element elementor-element-9d782d0 elementor-widget elementor-widget-text-editor\" data-id=\"9d782d0\" data-element_type=\"widget\" data-e-type=\"widget\" data-widget_type=\"text-editor.default\">\n\t\t\t\t\t\t\t\t\t<p>I met Jos\u00e9 Mar\u00eda D\u00edaz-Maroto during a Masterclass that I took with the photographer Jos\u00e9 Mar\u00eda Mellado while touring the North of Spain a few years ago. I had the opportunity for D\u00edaz-Maroto to review some of my work and it was at this meeting that he encouraged me to publish my work. Diaz-Maroto is a photographer, editor and curator of great prestige in the photographic and artistic world of Spain and without his support I would not be telling you about my life today and showing my story through photos and texts in my book \u201cHuellas, memoria y weather&#8221;. The book was edited and printed in Madrid. I was very fortunate that Brizzolis Printing House accepted the job. It is one of the best printers in the world for books and art catalogs and it was thanks to Calma y Sosiego publishing house that I had access to this wonderful printing company of the largest world size,<\/p>\n<p>The layout and style of the book was in charge of Jos\u00e9 Maria Diaz-Maroto. The emails came and went and we had permanent communication by phone and whatsapp to review the progress. There was a lot of chemistry and the process of creating the book was a very enriching experience for me. I burned my eyelashes and I think myopia increased from being on my computer screen working the photos, one by one, writing, correcting&#8230; I learned a lot.<\/p>\t\t\t\t\t\t\t\t<\/div>\n\t\t\t\t\t<\/div>\n\t\t<\/div>\n\t\t\t\t\t<\/div>\n\t\t<\/section>\n\t\t\t\t<section class=\"elementor-section elementor-top-section elementor-element elementor-element-82f042d elementor-reverse-mobile elementor-section-boxed elementor-section-height-default elementor-section-height-default\" data-id=\"82f042d\" data-element_type=\"section\" data-e-type=\"section\" data-settings=\"{&quot;jet_parallax_layout_list&quot;:[]}\">\n\t\t\t\t\t\t<div class=\"elementor-container elementor-column-gap-no\">\n\t\t\t\t\t<div class=\"elementor-column elementor-col-66 elementor-top-column elementor-element elementor-element-57e6321\" data-id=\"57e6321\" data-element_type=\"column\" data-e-type=\"column\">\n\t\t\t<div class=\"elementor-widget-wrap elementor-element-populated\">\n\t\t\t\t\t\t<div class=\"elementor-element elementor-element-e98aac9 elementor-widget elementor-widget-text-editor\" data-id=\"e98aac9\" data-element_type=\"widget\" data-e-type=\"widget\" data-widget_type=\"text-editor.default\">\n\t\t\t\t\t\t\t\t\t<p>For the black and white section in the central part of the book I had to scan my old negatives (of the images that together with Maroto I chose for the publication) and I managed to do this thanks to the instruction of Mayra Alpiste in Lima. My Photography teacher at Corriente Alterna (another of the many Institutes I went through and studied over the years&#8230;) had already recommended me to contact Mayra for digital editing issues, and I must say that there is nobody Same on that topic. Her dedication and perfectionism are contagious and what I have learned with her today seems essential to me. The quality of the photos that shine in the photobook would not have been the same without the support I had from Maroto in Madrid and Mayra in Lima. And now, in addition, we have a beautiful friendship.<\/p><p>As for the essence of the book&#8230;<\/p><p>There is no set order in the layout. One can read the book forward and backward. It is not linear or circular; it flows based on a fully visual sequence of logic. The content is inherent to my person&#8230; they are memories of blogs, of my family life, of trips, of landscapes, of people from here and there, of my neighborhood, of my city&#8230; it is quite free. The set turns out to be like a cornucopia of intertwined images based on its composition, shapes, color and visual rhythm.<\/p>\t\t\t\t\t\t\t\t<\/div>\n\t\t\t\t\t<\/div>\n\t\t<\/div>\n\t\t\t\t<div class=\"elementor-column elementor-col-33 elementor-top-column elementor-element elementor-element-585a702\" data-id=\"585a702\" data-element_type=\"column\" data-e-type=\"column\">\n\t\t\t<div class=\"elementor-widget-wrap elementor-element-populated\">\n\t\t\t\t\t\t<div class=\"elementor-element elementor-element-bca4e0d elementor-widget elementor-widget-image\" data-id=\"bca4e0d\" data-element_type=\"widget\" data-e-type=\"widget\" data-widget_type=\"image.default\">\n\t\t\t\t\t\t\t\t\t\t\t\t\t\t\t<img decoding=\"async\" width=\"490\" height=\"360\" src=\"https:\/\/leslieosterling.com\/wp-content\/uploads\/2021\/12\/02-leslie-osterling-libro-glaciar.webp\" class=\"attachment-full size-full wp-image-1527\" alt=\"\" srcset=\"https:\/\/leslieosterling.com\/wp-content\/uploads\/2021\/12\/02-leslie-osterling-libro-glaciar.webp 490w, https:\/\/leslieosterling.com\/wp-content\/uploads\/2021\/12\/02-leslie-osterling-libro-glaciar-300x220.webp 300w\" sizes=\"(max-width: 490px) 100vw, 490px\" \/>\t\t\t\t\t\t\t\t\t\t\t\t\t\t\t<\/div>\n\t\t\t\t\t<\/div>\n\t\t<\/div>\n\t\t\t\t\t<\/div>\n\t\t<\/section>\n\t\t\t\t<section class=\"elementor-section elementor-top-section elementor-element elementor-element-c06dfe7 elementor-section-boxed elementor-section-height-default elementor-section-height-default\" data-id=\"c06dfe7\" data-element_type=\"section\" data-e-type=\"section\" data-settings=\"{&quot;jet_parallax_layout_list&quot;:[]}\">\n\t\t\t\t\t\t<div class=\"elementor-container elementor-column-gap-no\">\n\t\t\t\t\t<div class=\"elementor-column elementor-col-33 elementor-top-column elementor-element elementor-element-9c79364\" data-id=\"9c79364\" data-element_type=\"column\" data-e-type=\"column\">\n\t\t\t<div class=\"elementor-widget-wrap elementor-element-populated\">\n\t\t\t\t\t\t<div class=\"elementor-element elementor-element-9848deb elementor-widget elementor-widget-image\" data-id=\"9848deb\" data-element_type=\"widget\" data-e-type=\"widget\" data-widget_type=\"image.default\">\n\t\t\t\t\t\t\t\t\t\t\t\t\t\t\t<img loading=\"lazy\" decoding=\"async\" width=\"490\" height=\"360\" src=\"https:\/\/leslieosterling.com\/wp-content\/uploads\/2021\/12\/03-leslie-osterling-libro-saltando.webp\" class=\"attachment-full size-full wp-image-1528\" alt=\"\" srcset=\"https:\/\/leslieosterling.com\/wp-content\/uploads\/2021\/12\/03-leslie-osterling-libro-saltando.webp 490w, https:\/\/leslieosterling.com\/wp-content\/uploads\/2021\/12\/03-leslie-osterling-libro-saltando-300x220.webp 300w\" sizes=\"(max-width: 490px) 100vw, 490px\" \/>\t\t\t\t\t\t\t\t\t\t\t\t\t\t\t<\/div>\n\t\t\t\t\t<\/div>\n\t\t<\/div>\n\t\t\t\t<div class=\"elementor-column elementor-col-66 elementor-top-column elementor-element elementor-element-1f2d78b\" data-id=\"1f2d78b\" data-element_type=\"column\" data-e-type=\"column\">\n\t\t\t<div class=\"elementor-widget-wrap elementor-element-populated\">\n\t\t\t\t\t\t<div class=\"elementor-element elementor-element-2c25a85 elementor-widget elementor-widget-text-editor\" data-id=\"2c25a85\" data-element_type=\"widget\" data-e-type=\"widget\" data-widget_type=\"text-editor.default\">\n\t\t\t\t\t\t\t\t\t<p>The accompanying texts suggest themes and a common thread. But despite the fact that the content or meaning of what I present is inherent to my person, to my life as a woman, as a mother&#8230; to my family, to my environment and my travels&#8230; as you turn the pages you will feel that the photos are more beyond my personal experience.<\/p>\n<p>I want to affirm with this publication my &#8220;foolish&#8221; search for beauty and visual harmony and highlight the pleasurable stimulus that aesthetics represents; and that holding on to it is like holding on to a railing in front of an abyss of spiritual emptiness that abounds in our current environment with the celebration of the ugly, the cruel and the scandalous\u2026<\/p>\t\t\t\t\t\t\t\t<\/div>\n\t\t\t\t\t<\/div>\n\t\t<\/div>\n\t\t\t\t\t<\/div>\n\t\t<\/section>\n\t\t\t\t<section class=\"elementor-section elementor-top-section elementor-element elementor-element-2d62242 elementor-reverse-mobile elementor-section-boxed elementor-section-height-default elementor-section-height-default\" data-id=\"2d62242\" data-element_type=\"section\" data-e-type=\"section\" data-settings=\"{&quot;jet_parallax_layout_list&quot;:[]}\">\n\t\t\t\t\t\t<div class=\"elementor-container elementor-column-gap-no\">\n\t\t\t\t\t<div class=\"elementor-column elementor-col-66 elementor-top-column elementor-element elementor-element-87f31db\" data-id=\"87f31db\" data-element_type=\"column\" data-e-type=\"column\">\n\t\t\t<div class=\"elementor-widget-wrap elementor-element-populated\">\n\t\t\t\t\t\t<div class=\"elementor-element elementor-element-b6eb08d elementor-widget elementor-widget-text-editor\" data-id=\"b6eb08d\" data-element_type=\"widget\" data-e-type=\"widget\" data-widget_type=\"text-editor.default\">\n\t\t\t\t\t\t\t\t\t<p>The prologue is written by my friend Mauricio Novoa and the introduction is narrated by Jos\u00e9 Mar\u00eda D\u00edaz-Maroto. At the center of the book is an autobiographical note and throughout the book I have collected lyrics from songs that touch my heart. I learned as a girl to play and read classical music. But then I got to know rock and pop music with my husband. Among one of his many hobbies and talents, he always had a passion for contemporary music. We listened to his vinyl collection and his radio. It&#8217;s been more than 30 years since the music he makes me listen to adds salt and pepper to my life. It is something we share with our 4 children as well. Music puts you on the wave, music accompanies, music comforts, music as well as visual art is a refuge of peace and calm for the soul. By including these songs in the pages of my book and suggesting the pairing of music with my photos, I seek to pay homage to my husband, Jos\u00e9 Antonio, who is my lifelong companion and the love of my life. The playlist to listen to the songs is on Spotify. It can be searched by book name as well.<\/p><p>I want the book to be pleasurable, comfortable to hold, and enjoyable to review over and over again. Let it be like enjoying a visual &#8220;banquet&#8221; paired with music and poetry excerpts.<\/p>\t\t\t\t\t\t\t\t<\/div>\n\t\t\t\t\t<\/div>\n\t\t<\/div>\n\t\t\t\t<div class=\"elementor-column elementor-col-33 elementor-top-column elementor-element elementor-element-466cf53\" data-id=\"466cf53\" data-element_type=\"column\" data-e-type=\"column\">\n\t\t\t<div class=\"elementor-widget-wrap elementor-element-populated\">\n\t\t\t\t\t\t<div class=\"elementor-element elementor-element-00af3d3 elementor-widget elementor-widget-image\" data-id=\"00af3d3\" data-element_type=\"widget\" data-e-type=\"widget\" data-widget_type=\"image.default\">\n\t\t\t\t\t\t\t\t\t\t\t\t\t\t\t<img loading=\"lazy\" decoding=\"async\" width=\"360\" height=\"490\" src=\"https:\/\/leslieosterling.com\/wp-content\/uploads\/2021\/12\/04-leslie-osterling-libro-embarazada.webp\" class=\"attachment-full size-full wp-image-1529\" alt=\"\" srcset=\"https:\/\/leslieosterling.com\/wp-content\/uploads\/2021\/12\/04-leslie-osterling-libro-embarazada.webp 360w, https:\/\/leslieosterling.com\/wp-content\/uploads\/2021\/12\/04-leslie-osterling-libro-embarazada-220x300.webp 220w\" sizes=\"(max-width: 360px) 100vw, 360px\" \/>\t\t\t\t\t\t\t\t\t\t\t\t\t\t\t<\/div>\n\t\t\t\t\t<\/div>\n\t\t<\/div>\n\t\t\t\t\t<\/div>\n\t\t<\/section>\n\t\t\t\t<\/div>\n\t\t","protected":false},"excerpt":{"rendered":"<p>Traces, memory and time Art for me is not just a profession or occupation, it is my essence. I am very aware of the implication of the visual in our lives and how \u201cwe are what we see\u201d. More information I met Jos\u00e9 Mar\u00eda D\u00edaz-Maroto during a Masterclass that I took with the photographer Jos\u00e9 [&hellip;]<\/p>\n","protected":false},"author":1,"featured_media":0,"parent":0,"menu_order":0,"comment_status":"closed","ping_status":"closed","template":"","meta":{"inline_featured_image":false,"site-sidebar-layout":"no-sidebar","site-content-layout":"page-builder","ast-site-content-layout":"default","site-content-style":"default","site-sidebar-style":"default","ast-global-header-display":"","ast-banner-title-visibility":"","ast-main-header-display":"","ast-hfb-above-header-display":"","ast-hfb-below-header-display":"","ast-hfb-mobile-header-display":"","site-post-title":"disabled","ast-breadcrumbs-content":"","ast-featured-img":"disabled","footer-sml-layout":"","theme-transparent-header-meta":"","adv-header-id-meta":"","stick-header-meta":"","header-above-stick-meta":"","header-main-stick-meta":"","header-below-stick-meta":"","astra-migrate-meta-layouts":"default","ast-page-background-enabled":"default","ast-page-background-meta":{"desktop":{"background-color":"var(--ast-global-color-4)","background-image":"","background-repeat":"repeat","background-position":"center center","background-size":"auto","background-attachment":"scroll","background-type":"","background-media":"","overlay-type":"","overlay-color":"","overlay-opacity":"","overlay-gradient":""},"tablet":{"background-color":"","background-image":"","background-repeat":"repeat","background-position":"center center","background-size":"auto","background-attachment":"scroll","background-type":"","background-media":"","overlay-type":"","overlay-color":"","overlay-opacity":"","overlay-gradient":""},"mobile":{"background-color":"","background-image":"","background-repeat":"repeat","background-position":"center center","background-size":"auto","background-attachment":"scroll","background-type":"","background-media":"","overlay-type":"","overlay-color":"","overlay-opacity":"","overlay-gradient":""}},"ast-content-background-meta":{"desktop":{"background-color":"var(--ast-global-color-5)","background-image":"","background-repeat":"repeat","background-position":"center center","background-size":"auto","background-attachment":"scroll","background-type":"","background-media":"","overlay-type":"","overlay-color":"","overlay-opacity":"","overlay-gradient":""},"tablet":{"background-color":"var(--ast-global-color-5)","background-image":"","background-repeat":"repeat","background-position":"center center","background-size":"auto","background-attachment":"scroll","background-type":"","background-media":"","overlay-type":"","overlay-color":"","overlay-opacity":"","overlay-gradient":""},"mobile":{"background-color":"var(--ast-global-color-5)","background-image":"","background-repeat":"repeat","background-position":"center center","background-size":"auto","background-attachment":"scroll","background-type":"","background-media":"","overlay-type":"","overlay-color":"","overlay-opacity":"","overlay-gradient":""}},"footnotes":""},"class_list":["post-2775","page","type-page","status-publish","hentry"],"_links":{"self":[{"href":"https:\/\/leslieosterling.com\/en\/wp-json\/wp\/v2\/pages\/2775","targetHints":{"allow":["GET"]}}],"collection":[{"href":"https:\/\/leslieosterling.com\/en\/wp-json\/wp\/v2\/pages"}],"about":[{"href":"https:\/\/leslieosterling.com\/en\/wp-json\/wp\/v2\/types\/page"}],"author":[{"embeddable":true,"href":"https:\/\/leslieosterling.com\/en\/wp-json\/wp\/v2\/users\/1"}],"replies":[{"embeddable":true,"href":"https:\/\/leslieosterling.com\/en\/wp-json\/wp\/v2\/comments?post=2775"}],"version-history":[{"count":0,"href":"https:\/\/leslieosterling.com\/en\/wp-json\/wp\/v2\/pages\/2775\/revisions"}],"wp:attachment":[{"href":"https:\/\/leslieosterling.com\/en\/wp-json\/wp\/v2\/media?parent=2775"}],"curies":[{"name":"wp","href":"https:\/\/api.w.org\/{rel}","templated":true}]}}